{"id":8,"date":"2022-10-27T13:04:09","date_gmt":"2022-10-27T11:04:09","guid":{"rendered":"https:\/\/qiuu.eu\/wpx61\/?page_id=8"},"modified":"2025-10-10T05:29:17","modified_gmt":"2025-10-10T03:29:17","slug":"home","status":"publish","type":"page","link":"https:\/\/www.qiuu.eu\/de\/","title":{"rendered":"Home"},"content":{"rendered":"<div data-elementor-type=\"wp-page\" data-elementor-id=\"8\" class=\"elementor elementor-8\" data-elementor-post-type=\"page\">\n\t\t\t\t\t\t<section class=\"elementor-section elementor-top-section elementor-element elementor-element-403a3cf elementor-section-height-full elementor-section-stretched elementor-section-content-middle elementor-section-boxed elementor-section-height-default elementor-section-items-middle\" data-id=\"403a3cf\" data-element_type=\"section\" data-e-type=\"section\" data-settings=\"{&quot;stretch_section&quot;:&quot;section-stretched&quot;,&quot;background_background&quot;:&quot;classic&quot;}\" data-no-translation=\"\">\n\t\t\t\t\t\t<div class=\"elementor-container elementor-column-gap-no\">\n\t\t\t\t\t<div class=\"elementor-column elementor-col-50 elementor-top-column elementor-element elementor-element-f1f6fd2\" data-id=\"f1f6fd2\" data-element_type=\"column\" data-e-type=\"column\">\n\t\t\t<div class=\"elementor-widget-wrap elementor-element-populated\">\n\t\t\t\t\t\t<div class=\"elementor-element elementor-element-3d4b771 elementor-invisible elementor-widget elementor-widget-heading\" data-id=\"3d4b771\" data-element_type=\"widget\" data-e-type=\"widget\" data-settings=\"{&quot;_animation&quot;:&quot;fadeInUp&quot;}\" data-widget_type=\"heading.default\">\n\t\t\t\t<div class=\"elementor-widget-container\">\n\t\t\t\t\t<h2 class=\"elementor-heading-title elementor-size-default\">Qiuu - Finde neue Freunde mit deinen Interessen<\/h2>\t\t\t\t<\/div>\n\t\t\t\t<\/div>\n\t\t\t\t<div class=\"elementor-element elementor-element-c2b9ce1 elementor-invisible elementor-widget elementor-widget-text-editor\" data-id=\"c2b9ce1\" data-element_type=\"widget\" data-e-type=\"widget\" data-settings=\"{&quot;_animation&quot;:&quot;fadeInUp&quot;}\" data-widget_type=\"text-editor.default\">\n\t\t\t\t<div class=\"elementor-widget-container\">\n\t\t\t\t\t\t\t\t\t<p>Noch keine Pl\u00e4ne f\u00fcr&#8217;s Wochenende? Schau dich in deiner Umgebung um, wer was vorhat, was dir gef\u00e4llt.<\/p>\t\t\t\t\t\t\t\t<\/div>\n\t\t\t\t<\/div>\n\t\t\t\t<section class=\"elementor-section elementor-inner-section elementor-element elementor-element-d5fdc05 elementor-section-boxed elementor-section-height-default elementor-section-height-default\" data-id=\"d5fdc05\" data-element_type=\"section\" data-e-type=\"section\">\n\t\t\t\t\t\t<div class=\"elementor-container elementor-column-gap-default\">\n\t\t\t\t\t<div class=\"elementor-column elementor-col-50 elementor-inner-column elementor-element elementor-element-6440eee\" data-id=\"6440eee\" data-element_type=\"column\" data-e-type=\"column\">\n\t\t\t<div class=\"elementor-widget-wrap elementor-element-populated\">\n\t\t\t\t\t\t<div class=\"elementor-element elementor-element-02439b6 elementor-widget elementor-widget-image\" data-id=\"02439b6\" data-element_type=\"widget\" data-e-type=\"widget\" data-widget_type=\"image.default\">\n\t\t\t\t<div class=\"elementor-widget-container\">\n\t\t\t\t\t\t\t\t\t\t\t\t\t\t\t\t<a href=\"https:\/\/play.google.com\/store\/apps\/details?id=eu.qiuu.qiuu\">\n\t\t\t\t\t\t\t<img fetchpriority=\"high\" decoding=\"async\" width=\"494\" height=\"134\" src=\"https:\/\/www.qiuu.eu\/wp-content\/uploads\/2022\/10\/google-play.png\" class=\"attachment-large size-large wp-image-45\" alt=\"\" srcset=\"https:\/\/www.qiuu.eu\/wp-content\/uploads\/2022\/10\/google-play.png 494w, https:\/\/www.qiuu.eu\/wp-content\/uploads\/2022\/10\/google-play-300x81.png 300w\" sizes=\"(max-width: 494px) 100vw, 494px\" \/>\t\t\t\t\t\t\t\t<\/a>\n\t\t\t\t\t\t\t\t\t\t\t\t\t\t\t<\/div>\n\t\t\t\t<\/div>\n\t\t\t\t\t<\/div>\n\t\t<\/div>\n\t\t\t\t<div class=\"elementor-column elementor-col-50 elementor-inner-column elementor-element elementor-element-9d7b93f\" data-id=\"9d7b93f\" data-element_type=\"column\" data-e-type=\"column\">\n\t\t\t<div class=\"elementor-widget-wrap elementor-element-populated\">\n\t\t\t\t\t\t<div class=\"elementor-element elementor-element-497447a elementor-widget elementor-widget-image\" data-id=\"497447a\" data-element_type=\"widget\" data-e-type=\"widget\" data-widget_type=\"image.default\">\n\t\t\t\t<div class=\"elementor-widget-container\">\n\t\t\t\t\t\t\t\t\t\t\t\t\t\t\t\t<a href=\"https:\/\/apps.apple.com\/de\/app\/qiuu-activities-friends\/id1628486761\">\n\t\t\t\t\t\t\t<img decoding=\"async\" width=\"497\" height=\"136\" src=\"https:\/\/www.qiuu.eu\/wp-content\/uploads\/2022\/10\/Apple-logo.png\" class=\"attachment-large size-large wp-image-47\" alt=\"\" srcset=\"https:\/\/www.qiuu.eu\/wp-content\/uploads\/2022\/10\/Apple-logo.png 497w, https:\/\/www.qiuu.eu\/wp-content\/uploads\/2022\/10\/Apple-logo-300x82.png 300w\" sizes=\"(max-width: 497px) 100vw, 497px\" \/>\t\t\t\t\t\t\t\t<\/a>\n\t\t\t\t\t\t\t\t\t\t\t\t\t\t\t<\/div>\n\t\t\t\t<\/div>\n\t\t\t\t\t<\/div>\n\t\t<\/div>\n\t\t\t\t\t<\/div>\n\t\t<\/section>\n\t\t\t\t\t<\/div>\n\t\t<\/div>\n\t\t\t\t<div class=\"elementor-column elementor-col-50 elementor-top-column elementor-element elementor-element-8c2ff0b\" data-id=\"8c2ff0b\" data-element_type=\"column\" data-e-type=\"column\" data-settings=\"{&quot;background_background&quot;:&quot;classic&quot;}\">\n\t\t\t<div class=\"elementor-widget-wrap elementor-element-populated\">\n\t\t\t\t\t\t<div class=\"elementor-element elementor-element-14d8067 elementor-skin-carousel elementor-arrows-yes elementor-widget elementor-widget-media-carousel\" data-id=\"14d8067\" data-element_type=\"widget\" data-e-type=\"widget\" data-settings=\"{&quot;effect&quot;:&quot;fade&quot;,&quot;skin&quot;:&quot;carousel&quot;,&quot;show_arrows&quot;:&quot;yes&quot;,&quot;speed&quot;:500,&quot;autoplay&quot;:&quot;yes&quot;,&quot;autoplay_speed&quot;:5000,&quot;loop&quot;:&quot;yes&quot;,&quot;pause_on_hover&quot;:&quot;yes&quot;,&quot;pause_on_interaction&quot;:&quot;yes&quot;,&quot;space_between&quot;:{&quot;unit&quot;:&quot;px&quot;,&quot;size&quot;:10,&quot;sizes&quot;:[]},&quot;space_between_tablet&quot;:{&quot;unit&quot;:&quot;px&quot;,&quot;size&quot;:10,&quot;sizes&quot;:[]},&quot;space_between_mobile&quot;:{&quot;unit&quot;:&quot;px&quot;,&quot;size&quot;:10,&quot;sizes&quot;:[]}}\" data-widget_type=\"media-carousel.default\">\n\t\t\t\t<div class=\"elementor-widget-container\">\n\t\t\t\t\t\t\t\t\t<div class=\"elementor-swiper\">\n\t\t\t\t\t<div class=\"elementor-main-swiper swiper\" role=\"region\" aria-roledescription=\"carousel\" aria-label=\"Slides\">\n\t\t\t\t<div class=\"swiper-wrapper\">\n\t\t\t\t\t\t\t\t\t\t\t<div class=\"swiper-slide\" role=\"group\" aria-roledescription=\"slide\">\n\t\t\t\t\t\t\t\t\t<div class=\"elementor-carousel-image\" role=\"img\" aria-label=\"Simulator Screenshot - iPhone 16 Pro Max - 2025-08-14 at 11.48.03-portrait\" style=\"background-image: url(&#039;https:\/\/www.qiuu.eu\/wp-content\/uploads\/2025\/09\/Simulator-Screenshot-iPhone-16-Pro-Max-2025-08-14-at-11.48.03-portrait.png&#039;)\">\n\n\t\t\t\n\t\t\t\t\t<\/div>\n\t\t\t\t\t\t\t\t<\/div>\n\t\t\t\t\t\t\t\t\t\t\t<div class=\"swiper-slide\" role=\"group\" aria-roledescription=\"slide\">\n\t\t\t\t\t\t\t\t\t<div class=\"elementor-carousel-image\" role=\"img\" aria-label=\"Simulator Screenshot - iPhone 16 Pro Max - 2025-08-14 at 11.05.38-portrait\" style=\"background-image: url(&#039;https:\/\/www.qiuu.eu\/wp-content\/uploads\/2025\/09\/Simulator-Screenshot-iPhone-16-Pro-Max-2025-08-14-at-11.05.38-portrait-2-scaled.png&#039;)\">\n\n\t\t\t\n\t\t\t\t\t<\/div>\n\t\t\t\t\t\t\t\t<\/div>\n\t\t\t\t\t\t\t\t\t\t\t<div class=\"swiper-slide\" role=\"group\" aria-roledescription=\"slide\">\n\t\t\t\t\t\t\t\t\t<div class=\"elementor-carousel-image\" role=\"img\" aria-label=\"Simulator Screenshot - iPhone 16 Pro Max - 2025-08-14 at 11.39.31-portrait\" style=\"background-image: url(&#039;https:\/\/www.qiuu.eu\/wp-content\/uploads\/2025\/10\/Simulator-Screenshot-iPhone-16-Pro-Max-2025-08-14-at-11.39.31-portrait-scaled.png&#039;)\">\n\n\t\t\t\n\t\t\t\t\t<\/div>\n\t\t\t\t\t\t\t\t<\/div>\n\t\t\t\t\t\t\t\t\t\t\t<div class=\"swiper-slide\" role=\"group\" aria-roledescription=\"slide\">\n\t\t\t\t\t\t\t\t\t<div class=\"elementor-carousel-image\" role=\"img\" aria-label=\"Simulator Screenshot - iPhone 16 Pro Max - 2025-08-14 at 11.21.58-portrait\" style=\"background-image: url(&#039;https:\/\/www.qiuu.eu\/wp-content\/uploads\/2025\/10\/Simulator-Screenshot-iPhone-16-Pro-Max-2025-08-14-at-11.21.58-portrait-scaled.png&#039;)\">\n\n\t\t\t\n\t\t\t\t\t<\/div>\n\t\t\t\t\t\t\t\t<\/div>\n\t\t\t\t\t\t\t\t\t\t\t<div class=\"swiper-slide\" role=\"group\" aria-roledescription=\"slide\">\n\t\t\t\t\t\t\t\t\t<div class=\"elementor-carousel-image\" role=\"img\" aria-label=\"Simulator Screenshot - iPhone 16 Pro Max - 2025-08-14 at 11.55.10-portrait\" style=\"background-image: url(&#039;https:\/\/www.qiuu.eu\/wp-content\/uploads\/2025\/10\/Simulator-Screenshot-iPhone-16-Pro-Max-2025-08-14-at-11.55.10-portrait.png&#039;)\">\n\n\t\t\t\n\t\t\t\t\t<\/div>\n\t\t\t\t\t\t\t\t<\/div>\n\t\t\t\t\t\t\t\t\t<\/div>\n\t\t\t\t\t\t\t\t\t\t\t\t\t\t\t<div class=\"elementor-swiper-button elementor-swiper-button-prev\" role=\"button\" tabindex=\"0\" aria-label=\"Voriger\">\n\t\t\t\t\t\t\t<i aria-hidden=\"true\" class=\"eicon-chevron-left\"><\/i>\t\t\t\t\t\t<\/div>\n\t\t\t\t\t\t<div class=\"elementor-swiper-button elementor-swiper-button-next\" role=\"button\" tabindex=\"0\" aria-label=\"N\u00e4chster\">\n\t\t\t\t\t\t\t<i aria-hidden=\"true\" class=\"eicon-chevron-right\"><\/i>\t\t\t\t\t\t<\/div>\n\t\t\t\t\t\t\t\t\t\t\t\t\t\t\t\t\t<\/div>\n\t\t\t\t<\/div>\n\t\t\t\t\t\t\t\t<\/div>\n\t\t\t\t<\/div>\n\t\t\t\t\t<\/div>\n\t\t<\/div>\n\t\t\t\t\t<\/div>\n\t\t<\/section>\n\t\t\t\t<section class=\"elementor-section elementor-top-section elementor-element elementor-element-5ffd0a7 elementor-section-boxed elementor-section-height-default elementor-section-height-default\" data-id=\"5ffd0a7\" data-element_type=\"section\" data-e-type=\"section\">\n\t\t\t\t\t\t<div class=\"elementor-container elementor-column-gap-default\">\n\t\t\t\t\t<div class=\"elementor-column elementor-col-100 elementor-top-column elementor-element elementor-element-3e2f4fa\" data-id=\"3e2f4fa\" data-element_type=\"column\" data-e-type=\"column\">\n\t\t\t<div class=\"elementor-widget-wrap\">\n\t\t\t\t\t\t\t<\/div>\n\t\t<\/div>\n\t\t\t\t\t<\/div>\n\t\t<\/section>\n\t\t\t\t<\/div>","protected":false},"excerpt":{"rendered":"<p>Qiuu &#8211; Find new friends with your interests No plans for the weekend yet? Look around your area who is up to what you like. Qiuu &#8211; Finde neue Freunde mit deinen Interessen Noch keine Pl\u00e4ne f\u00fcr&#8217;s Wochenende? Schau dich in deiner Umgebung um, wer was vorhat, was dir gef\u00e4llt.<\/p>","protected":false},"author":2,"featured_media":0,"parent":0,"menu_order":0,"comment_status":"closed","ping_status":"closed","template":"elementor_header_footer","meta":{"site-sidebar-layout":"no-sidebar","site-content-layout":"page-builder","ast-site-content-layout":"default","site-content-style":"default","site-sidebar-style":"default","ast-global-header-display":"","ast-banner-title-visibility":"","ast-main-header-display":"","ast-hfb-above-header-display":"","ast-hfb-below-header-display":"","ast-hfb-mobile-header-display":"","site-post-title":"disabled","ast-breadcrumbs-content":"","ast-featured-img":"disabled","footer-sml-layout":"","ast-disable-related-posts":"","theme-transparent-header-meta":"","adv-header-id-meta":"","stick-header-meta":"","header-above-stick-meta":"","header-main-stick-meta":"","header-below-stick-meta":"","astra-migrate-meta-layouts":"default","ast-page-background-enabled":"default","ast-page-background-meta":{"desktop":{"background-color":"var(--ast-global-color-4)","background-image":"","background-repeat":"repeat","background-position":"center center","background-size":"auto","background-attachment":"scroll","background-type":"","background-media":"","overlay-type":"","overlay-color":"","overlay-opacity":"","overlay-gradient":""},"tablet":{"background-color":"","background-image":"","background-repeat":"repeat","background-position":"center center","background-size":"auto","background-attachment":"scroll","background-type":"","background-media":"","overlay-type":"","overlay-color":"","overlay-opacity":"","overlay-gradient":""},"mobile":{"background-color":"","background-image":"","background-repeat":"repeat","background-position":"center center","background-size":"auto","background-attachment":"scroll","background-type":"","background-media":"","overlay-type":"","overlay-color":"","overlay-opacity":"","overlay-gradient":""}},"ast-content-background-meta":{"desktop":{"background-color":"var(--ast-global-color-5)","background-image":"","background-repeat":"repeat","background-position":"center center","background-size":"auto","background-attachment":"scroll","background-type":"","background-media":"","overlay-type":"","overlay-color":"","overlay-opacity":"","overlay-gradient":""},"tablet":{"background-color":"var(--ast-global-color-5)","background-image":"","background-repeat":"repeat","background-position":"center center","background-size":"auto","background-attachment":"scroll","background-type":"","background-media":"","overlay-type":"","overlay-color":"","overlay-opacity":"","overlay-gradient":""},"mobile":{"background-color":"var(--ast-global-color-5)","background-image":"","background-repeat":"repeat","background-position":"center center","background-size":"auto","background-attachment":"scroll","background-type":"","background-media":"","overlay-type":"","overlay-color":"","overlay-opacity":"","overlay-gradient":""}},"footnotes":""},"class_list":["post-8","page","type-page","status-publish","hentry"],"yoast_head":"<!-- This site is optimized with the Yoast SEO plugin v27.5 - https:\/\/yoast.com\/product\/yoast-seo-wordpress\/ -->\n<title>Qiuu - Friends, Activities and more<\/title>\n<meta name=\"description\" content=\"Qiuu - Friends, Activities and more - Find friends in your area and connect through mutual interest. Meet new people nearby!\" \/>\n<meta name=\"robots\" content=\"index, follow, max-snippet:-1, max-image-preview:large, max-video-preview:-1\" \/>\n<link rel=\"canonical\" href=\"https:\/\/www.qiuu.eu\/de\/\" \/>\n<meta property=\"og:locale\" content=\"de_DE\" \/>\n<meta property=\"og:type\" content=\"article\" \/>\n<meta property=\"og:title\" content=\"Qiuu - Friends, Activities and more\" \/>\n<meta property=\"og:description\" content=\"Qiuu - Friends, Activities and more - Find friends in your area and connect through mutual interest. Meet new people nearby!\" \/>\n<meta property=\"og:url\" content=\"https:\/\/www.qiuu.eu\/de\/\" \/>\n<meta property=\"og:site_name\" content=\"Qiuu - Friends, Activities and more\" \/>\n<meta property=\"article:publisher\" content=\"https:\/\/www.facebook.com\/profile.php?id=100089721713787\" \/>\n<meta property=\"article:modified_time\" content=\"2025-10-10T03:29:17+00:00\" \/>\n<meta property=\"og:image\" content=\"https:\/\/www.qiuu.eu\/wp-content\/uploads\/2022\/10\/google-play.png\" \/>\n\t<meta property=\"og:image:width\" content=\"494\" \/>\n\t<meta property=\"og:image:height\" content=\"134\" \/>\n\t<meta property=\"og:image:type\" content=\"image\/png\" \/>\n<meta name=\"twitter:card\" content=\"summary_large_image\" \/>\n<meta name=\"twitter:label1\" content=\"Gesch\u00e4tzte Lesezeit\" \/>\n\t<meta name=\"twitter:data1\" content=\"2\u00a0Minuten\" \/>\n<script type=\"application\/ld+json\" class=\"yoast-schema-graph\">{\"@context\":\"https:\\\/\\\/schema.org\",\"@graph\":[{\"@type\":\"WebPage\",\"@id\":\"https:\\\/\\\/www.qiuu.eu\\\/\",\"url\":\"https:\\\/\\\/www.qiuu.eu\\\/\",\"name\":\"Qiuu - Friends, Activities and more\",\"isPartOf\":{\"@id\":\"https:\\\/\\\/www.qiuu.eu\\\/#website\"},\"primaryImageOfPage\":{\"@id\":\"https:\\\/\\\/www.qiuu.eu\\\/#primaryimage\"},\"image\":{\"@id\":\"https:\\\/\\\/www.qiuu.eu\\\/#primaryimage\"},\"thumbnailUrl\":\"https:\\\/\\\/www.qiuu.eu\\\/wp-content\\\/uploads\\\/2022\\\/10\\\/google-play-300x81.png\",\"datePublished\":\"2022-10-27T11:04:09+00:00\",\"dateModified\":\"2025-10-10T03:29:17+00:00\",\"description\":\"Qiuu - Friends, Activities and more - Find friends in your area and connect through mutual interest. Meet new people nearby!\",\"breadcrumb\":{\"@id\":\"https:\\\/\\\/www.qiuu.eu\\\/#breadcrumb\"},\"inLanguage\":\"de\",\"potentialAction\":[{\"@type\":\"ReadAction\",\"target\":[\"https:\\\/\\\/www.qiuu.eu\\\/\"]}]},{\"@type\":\"ImageObject\",\"inLanguage\":\"de\",\"@id\":\"https:\\\/\\\/www.qiuu.eu\\\/#primaryimage\",\"url\":\"https:\\\/\\\/www.qiuu.eu\\\/wp-content\\\/uploads\\\/2022\\\/10\\\/google-play-300x81.png\",\"contentUrl\":\"https:\\\/\\\/www.qiuu.eu\\\/wp-content\\\/uploads\\\/2022\\\/10\\\/google-play-300x81.png\"},{\"@type\":\"BreadcrumbList\",\"@id\":\"https:\\\/\\\/www.qiuu.eu\\\/#breadcrumb\",\"itemListElement\":[{\"@type\":\"ListItem\",\"position\":1,\"name\":\"Home\",\"item\":\"https:\\\/\\\/www.qiuu.eu\\\/\"},{\"@type\":\"ListItem\",\"position\":2,\"name\":\"Home\"}]},{\"@type\":\"WebSite\",\"@id\":\"https:\\\/\\\/www.qiuu.eu\\\/#website\",\"url\":\"https:\\\/\\\/www.qiuu.eu\\\/\",\"name\":\"Qiuu - Friends, Activities and more\",\"description\":\"Find friends, contacts and activities in your area and plan your day\",\"publisher\":{\"@id\":\"https:\\\/\\\/www.qiuu.eu\\\/#organization\"},\"alternateName\":\"Qiuu\",\"potentialAction\":[{\"@type\":\"SearchAction\",\"target\":{\"@type\":\"EntryPoint\",\"urlTemplate\":\"https:\\\/\\\/www.qiuu.eu\\\/?s={search_term_string}\"},\"query-input\":{\"@type\":\"PropertyValueSpecification\",\"valueRequired\":true,\"valueName\":\"search_term_string\"}}],\"inLanguage\":\"de\"},{\"@type\":\"Organization\",\"@id\":\"https:\\\/\\\/www.qiuu.eu\\\/#organization\",\"name\":\"Qiuu - Friends, activities and more\",\"alternateName\":\"Qiuu\",\"url\":\"https:\\\/\\\/www.qiuu.eu\\\/\",\"logo\":{\"@type\":\"ImageObject\",\"inLanguage\":\"de\",\"@id\":\"https:\\\/\\\/www.qiuu.eu\\\/#\\\/schema\\\/logo\\\/image\\\/\",\"url\":\"https:\\\/\\\/www.qiuu.eu\\\/wpx61\\\/wp-content\\\/uploads\\\/2023\\\/04\\\/Logo.png\",\"contentUrl\":\"https:\\\/\\\/www.qiuu.eu\\\/wpx61\\\/wp-content\\\/uploads\\\/2023\\\/04\\\/Logo.png\",\"width\":512,\"height\":512,\"caption\":\"Qiuu - Friends, activities and more\"},\"image\":{\"@id\":\"https:\\\/\\\/www.qiuu.eu\\\/#\\\/schema\\\/logo\\\/image\\\/\"},\"sameAs\":[\"https:\\\/\\\/www.facebook.com\\\/profile.php?id=100089721713787\"]}]}<\/script>\n<!-- \/ Yoast SEO plugin. -->","yoast_head_json":{"title":"Qiuu - Friends, Activities and more","description":"Qiuu - Friends, Activities and more - Find friends in your area and connect through mutual interest. Meet new people nearby!","robots":{"index":"index","follow":"follow","max-snippet":"max-snippet:-1","max-image-preview":"max-image-preview:large","max-video-preview":"max-video-preview:-1"},"canonical":"https:\/\/www.qiuu.eu\/de\/","og_locale":"de_DE","og_type":"article","og_title":"Qiuu - Friends, Activities and more","og_description":"Qiuu - Friends, Activities and more - Find friends in your area and connect through mutual interest. Meet new people nearby!","og_url":"https:\/\/www.qiuu.eu\/de\/","og_site_name":"Qiuu - Friends, Activities and more","article_publisher":"https:\/\/www.facebook.com\/profile.php?id=100089721713787","article_modified_time":"2025-10-10T03:29:17+00:00","og_image":[{"width":494,"height":134,"url":"https:\/\/www.qiuu.eu\/wp-content\/uploads\/2022\/10\/google-play.png","type":"image\/png"}],"twitter_card":"summary_large_image","twitter_misc":{"Gesch\u00e4tzte Lesezeit":"2\u00a0Minuten"},"schema":{"@context":"https:\/\/schema.org","@graph":[{"@type":"WebPage","@id":"https:\/\/www.qiuu.eu\/","url":"https:\/\/www.qiuu.eu\/","name":"Qiuu - Friends, Activities and more","isPartOf":{"@id":"https:\/\/www.qiuu.eu\/#website"},"primaryImageOfPage":{"@id":"https:\/\/www.qiuu.eu\/#primaryimage"},"image":{"@id":"https:\/\/www.qiuu.eu\/#primaryimage"},"thumbnailUrl":"https:\/\/www.qiuu.eu\/wp-content\/uploads\/2022\/10\/google-play-300x81.png","datePublished":"2022-10-27T11:04:09+00:00","dateModified":"2025-10-10T03:29:17+00:00","description":"Qiuu - Friends, Activities and more - Find friends in your area and connect through mutual interest. Meet new people nearby!","breadcrumb":{"@id":"https:\/\/www.qiuu.eu\/#breadcrumb"},"inLanguage":"de","potentialAction":[{"@type":"ReadAction","target":["https:\/\/www.qiuu.eu\/"]}]},{"@type":"ImageObject","inLanguage":"de","@id":"https:\/\/www.qiuu.eu\/#primaryimage","url":"https:\/\/www.qiuu.eu\/wp-content\/uploads\/2022\/10\/google-play-300x81.png","contentUrl":"https:\/\/www.qiuu.eu\/wp-content\/uploads\/2022\/10\/google-play-300x81.png"},{"@type":"BreadcrumbList","@id":"https:\/\/www.qiuu.eu\/#breadcrumb","itemListElement":[{"@type":"ListItem","position":1,"name":"Home","item":"https:\/\/www.qiuu.eu\/"},{"@type":"ListItem","position":2,"name":"Home"}]},{"@type":"WebSite","@id":"https:\/\/www.qiuu.eu\/#website","url":"https:\/\/www.qiuu.eu\/","name":"Qiuu - Friends, Activities and more","description":"Find friends, contacts and activities in your area and plan your day","publisher":{"@id":"https:\/\/www.qiuu.eu\/#organization"},"alternateName":"Qiuu","potentialAction":[{"@type":"SearchAction","target":{"@type":"EntryPoint","urlTemplate":"https:\/\/www.qiuu.eu\/?s={search_term_string}"},"query-input":{"@type":"PropertyValueSpecification","valueRequired":true,"valueName":"search_term_string"}}],"inLanguage":"de"},{"@type":"Organization","@id":"https:\/\/www.qiuu.eu\/#organization","name":"Qiuu - Friends, activities and more","alternateName":"Qiuu","url":"https:\/\/www.qiuu.eu\/","logo":{"@type":"ImageObject","inLanguage":"de","@id":"https:\/\/www.qiuu.eu\/#\/schema\/logo\/image\/","url":"https:\/\/www.qiuu.eu\/wpx61\/wp-content\/uploads\/2023\/04\/Logo.png","contentUrl":"https:\/\/www.qiuu.eu\/wpx61\/wp-content\/uploads\/2023\/04\/Logo.png","width":512,"height":512,"caption":"Qiuu - Friends, activities and more"},"image":{"@id":"https:\/\/www.qiuu.eu\/#\/schema\/logo\/image\/"},"sameAs":["https:\/\/www.facebook.com\/profile.php?id=100089721713787"]}]}},"_links":{"self":[{"href":"https:\/\/www.qiuu.eu\/de\/wp-json\/wp\/v2\/pages\/8","targetHints":{"allow":["GET"]}}],"collection":[{"href":"https:\/\/www.qiuu.eu\/de\/wp-json\/wp\/v2\/pages"}],"about":[{"href":"https:\/\/www.qiuu.eu\/de\/wp-json\/wp\/v2\/types\/page"}],"author":[{"embeddable":true,"href":"https:\/\/www.qiuu.eu\/de\/wp-json\/wp\/v2\/users\/2"}],"replies":[{"embeddable":true,"href":"https:\/\/www.qiuu.eu\/de\/wp-json\/wp\/v2\/comments?post=8"}],"version-history":[{"count":34,"href":"https:\/\/www.qiuu.eu\/de\/wp-json\/wp\/v2\/pages\/8\/revisions"}],"predecessor-version":[{"id":425,"href":"https:\/\/www.qiuu.eu\/de\/wp-json\/wp\/v2\/pages\/8\/revisions\/425"}],"wp:attachment":[{"href":"https:\/\/www.qiuu.eu\/de\/wp-json\/wp\/v2\/media?parent=8"}],"curies":[{"name":"wp","href":"https:\/\/api.w.org\/{rel}","templated":true}]}}