{"id":114,"date":"2022-10-28T11:59:48","date_gmt":"2022-10-28T09:59:48","guid":{"rendered":"https:\/\/qiuu.eu\/wpx61\/?page_id=114"},"modified":"2025-09-28T09:26:15","modified_gmt":"2025-09-28T07:26:15","slug":"community-guidelines","status":"publish","type":"page","link":"https:\/\/www.qiuu.eu\/de\/community-guidelines\/","title":{"rendered":"Community-Richtlinien"},"content":{"rendered":"<div data-elementor-type=\"wp-page\" data-elementor-id=\"114\" class=\"elementor elementor-114\" data-elementor-post-type=\"page\">\n\t\t\t\t\t\t<section class=\"elementor-section elementor-top-section elementor-element elementor-element-fa8741d elementor-section-stretched elementor-section-boxed elementor-section-height-default elementor-section-height-default\" data-id=\"fa8741d\" data-element_type=\"section\" data-e-type=\"section\" data-settings=\"{&quot;stretch_section&quot;:&quot;section-stretched&quot;}\">\n\t\t\t\t\t\t<div class=\"elementor-container elementor-column-gap-default\">\n\t\t\t\t\t<div class=\"elementor-column elementor-col-100 elementor-top-column elementor-element elementor-element-bbafd96\" data-id=\"bbafd96\" data-element_type=\"column\" data-e-type=\"column\">\n\t\t\t<div class=\"elementor-widget-wrap elementor-element-populated\">\n\t\t\t\t\t\t<div class=\"elementor-element elementor-element-201e02c elementor-widget elementor-widget-heading\" data-id=\"201e02c\" data-element_type=\"widget\" data-e-type=\"widget\" data-widget_type=\"heading.default\">\n\t\t\t\t<div class=\"elementor-widget-container\">\n\t\t\t\t\t<h2 class=\"elementor-heading-title elementor-size-default\">Community-Richtlinien<\/h2>\t\t\t\t<\/div>\n\t\t\t\t<\/div>\n\t\t\t\t<div class=\"elementor-element elementor-element-f9ed0ac elementor-widget elementor-widget-text-editor\" data-id=\"f9ed0ac\" data-element_type=\"widget\" data-e-type=\"widget\" data-widget_type=\"text-editor.default\">\n\t\t\t\t<div class=\"elementor-widget-container\">\n\t\t\t\t\t\t\t\t\t<div class=\"community-guidelines\">\n<p>\n    Willkommen bei <strong>Qiuu<\/strong>! Damit unsere Community fair, freundlich und sicher bleibt,<br>\n    bitten wir dich, diese Richtlinien zu respektieren. \nSie helfen allen Nutzern gute Erfahrungen zu machen,<br>\n    Vertrauen aufzubauen und Konflikte zu vermeiden.\n  <\/p>\n<h3>1. Respekt &amp; Verl\u00e4sslichkeit<\/h3>\n<ul>\n<li>Begegne anderen mit H\u00f6flichkeit, Respekt und Toleranz.<\/li>\n<li>Halte Absprachen ein \u2013 Zeit, Ort und Aktivit\u00e4t. Wenn sich etwas \u00e4ndert,<br>\n        informiere alle Teilnehmenden rechtzeitig.<\/li>\n<li>Erstelle oder plane nur Aktivit\u00e4ten, die du selbst \u00fcbernehmen kannst.<\/li>\n<\/ul>\n<h3>2. Aktivit\u00e4ten &amp; Planung<\/h3>\n<ul>\n<li>Gib bei Aktivit\u00e4ten immer klar an: <em>Was<\/em>, <em>Wann<\/em>, <em>Wo<\/em>.<\/li>\n<li>\u00c4nderungen oder Absagen m\u00fcssen rechtzeitig und transparent kommuniziert werden.<\/li>\n<li>Nutze Aktivit\u00e4ten nicht f\u00fcr unklare oder irref\u00fchrende Zwecke.<br>\n        Verwende f\u00fcr offene Ideen die Kategorie \u201eDiverse\u201c.<\/li>\n<li>Illegale, gef\u00e4hrliche oder den \u00f6ffentlichen Frieden st\u00f6rende Aktivit\u00e4ten sind nicht erlaubt.<\/li>\n<\/ul>\n<h3>3. Kommunikation (Chat &amp; Telefonie)<\/h3>\n<ul>\n<li>Bleib respektvoll in Sprache und Tonfall.<\/li>\n<li>Keine Bel\u00e4stigung, Stalking oder \u00fcbergriffiges Verhalten.<\/li>\n<li>Teile keine sensiblen pers\u00f6nlichen Daten in \u00f6ffentlichen Chats.<\/li>\n<li>Keine Werbung, Spam oder kommerzielle Inhalte ohne Erlaubnis.<\/li>\n<\/ul>\n<h3>4. Inhalte<\/h3>\n<p>Es ist ausdr\u00fccklich verboten, Inhalte zu posten oder zu verbreiten, die:<\/p>\n<ul>\n<li>Gewalt verherrlichen oder f\u00f6rdern<\/li>\n<li>pornografisch, sexualisiert oder obsz\u00f6n sind<\/li>\n<li>beleidigend, diskriminierend oder hassf\u00f6rdernd sind<\/li>\n<li>gegen Pers\u00f6nlichkeitsrechte oder Datenschutz versto\u00dfen<\/li>\n<li>zu illegalen Handlungen aufrufen oder diese verharmlosen<\/li>\n<\/ul>\n<h3>5. Sicherheit bei Treffen<\/h3>\n<ul>\n<li>Treffe dich nur an sicheren Orten und informiere Freunde oder Familie,<br>\n        wenn du neue Kontakte triffst.<\/li>\n<li>Respektiere die Privatsph\u00e4re und Grenzen anderer.<\/li>\n<li>Bei Notf\u00e4llen: wende dich an die zust\u00e4ndigen Beh\u00f6rden.<\/li>\n<\/ul>\n<h3>6. Konsequenzen<\/h3>\n<p>\n    Verst\u00f6\u00dfe gegen diese Richtlinien k\u00f6nnen zu Verwarnungen,<br>\n    Einschr\u00e4nkungen oder zum dauerhaften Ausschluss aus der Community f\u00fchren.<br>\n    Bei schweren Verst\u00f6\u00dfen behalten wir uns vor, die zust\u00e4ndigen Stellen zu informieren.\n  <\/p>\n<p>\n    Danke, dass du dazu beitr\u00e4gst, Qiuu zu einer positiven und sicheren Community zu machen!\n  <\/p><p>Aktualisiert 28. September 2025<\/p>\n<\/div>\t\t\t\t\t\t\t\t<\/div>\n\t\t\t\t<\/div>\n\t\t\t\t\t<\/div>\n\t\t<\/div>\n\t\t\t\t\t<\/div>\n\t\t<\/section>\n\t\t\t\t<\/div>","protected":false},"excerpt":{"rendered":"<p>Community Guidelines Welcome to Qiuu! To keep our community fair, friendly, and safe, we ask you to follow these guidelines. They help everyone enjoy positive experiences, build trust, and avoid conflicts. 1. Respect &amp; Reliability Treat others with courtesy, respect, and tolerance. Keep your commitments \u2013 time, place, and activity. If something changes, inform all [&hellip;]<\/p>\n","protected":false},"author":2,"featured_media":0,"parent":0,"menu_order":0,"comment_status":"closed","ping_status":"closed","template":"","meta":{"site-sidebar-layout":"no-sidebar","site-content-layout":"page-builder","ast-site-content-layout":"default","site-content-style":"default","site-sidebar-style":"default","ast-global-header-display":"","ast-banner-title-visibility":"","ast-main-header-display":"","ast-hfb-above-header-display":"","ast-hfb-below-header-display":"","ast-hfb-mobile-header-display":"","site-post-title":"disabled","ast-breadcrumbs-content":"","ast-featured-img":"disabled","footer-sml-layout":"","ast-disable-related-posts":"","theme-transparent-header-meta":"","adv-header-id-meta":"","stick-header-meta":"","header-above-stick-meta":"","header-main-stick-meta":"","header-below-stick-meta":"","astra-migrate-meta-layouts":"default","ast-page-background-enabled":"default","ast-page-background-meta":{"desktop":{"background-color":"var(--ast-global-color-4)","background-image":"","background-repeat":"repeat","background-position":"center center","background-size":"auto","background-attachment":"scroll","background-type":"","background-media":"","overlay-type":"","overlay-color":"","overlay-opacity":"","overlay-gradient":""},"tablet":{"background-color":"","background-image":"","background-repeat":"repeat","background-position":"center center","background-size":"auto","background-attachment":"scroll","background-type":"","background-media":"","overlay-type":"","overlay-color":"","overlay-opacity":"","overlay-gradient":""},"mobile":{"background-color":"","background-image":"","background-repeat":"repeat","background-position":"center center","background-size":"auto","background-attachment":"scroll","background-type":"","background-media":"","overlay-type":"","overlay-color":"","overlay-opacity":"","overlay-gradient":""}},"ast-content-background-meta":{"desktop":{"background-color":"var(--ast-global-color-5)","background-image":"","background-repeat":"repeat","background-position":"center center","background-size":"auto","background-attachment":"scroll","background-type":"","background-media":"","overlay-type":"","overlay-color":"","overlay-opacity":"","overlay-gradient":""},"tablet":{"background-color":"var(--ast-global-color-5)","background-image":"","background-repeat":"repeat","background-position":"center center","background-size":"auto","background-attachment":"scroll","background-type":"","background-media":"","overlay-type":"","overlay-color":"","overlay-opacity":"","overlay-gradient":""},"mobile":{"background-color":"var(--ast-global-color-5)","background-image":"","background-repeat":"repeat","background-position":"center center","background-size":"auto","background-attachment":"scroll","background-type":"","background-media":"","overlay-type":"","overlay-color":"","overlay-opacity":"","overlay-gradient":""}},"footnotes":""},"class_list":["post-114","page","type-page","status-publish","hentry"],"yoast_head":"<!-- This site is optimized with the Yoast SEO plugin v27.5 - https:\/\/yoast.com\/product\/yoast-seo-wordpress\/ -->\n<title>Community Guidelines - Qiuu - Friends, Activities and more<\/title>\n<meta name=\"description\" content=\"Community Guidelines - Qiuu - Friends, Activities and more\" \/>\n<meta name=\"robots\" content=\"index, follow, max-snippet:-1, max-image-preview:large, max-video-preview:-1\" \/>\n<link rel=\"canonical\" href=\"https:\/\/www.qiuu.eu\/de\/community-guidelines\/\" \/>\n<meta property=\"og:locale\" content=\"de_DE\" \/>\n<meta property=\"og:type\" content=\"article\" \/>\n<meta property=\"og:title\" content=\"Community Guidelines - Qiuu - Friends, Activities and more\" \/>\n<meta property=\"og:description\" content=\"Community Guidelines - Qiuu - Friends, Activities and more\" \/>\n<meta property=\"og:url\" content=\"https:\/\/www.qiuu.eu\/de\/community-guidelines\/\" \/>\n<meta property=\"og:site_name\" content=\"Qiuu - Friends, Activities and more\" \/>\n<meta property=\"article:publisher\" content=\"https:\/\/www.facebook.com\/profile.php?id=100089721713787\" \/>\n<meta property=\"article:modified_time\" content=\"2025-09-28T07:26:15+00:00\" \/>\n<meta property=\"og:image\" content=\"https:\/\/www.qiuu.eu\/wp-content\/uploads\/2023\/04\/Logo.png\" \/>\n\t<meta property=\"og:image:width\" content=\"512\" \/>\n\t<meta property=\"og:image:height\" content=\"512\" \/>\n\t<meta property=\"og:image:type\" content=\"image\/png\" \/>\n<meta name=\"twitter:card\" content=\"summary_large_image\" \/>\n<meta name=\"twitter:label1\" content=\"Gesch\u00e4tzte Lesezeit\" \/>\n\t<meta name=\"twitter:data1\" content=\"2\u00a0Minuten\" \/>\n<script type=\"application\/ld+json\" class=\"yoast-schema-graph\">{\"@context\":\"https:\\\/\\\/schema.org\",\"@graph\":[{\"@type\":\"WebPage\",\"@id\":\"https:\\\/\\\/www.qiuu.eu\\\/community-guidelines\\\/\",\"url\":\"https:\\\/\\\/www.qiuu.eu\\\/community-guidelines\\\/\",\"name\":\"Community Guidelines - Qiuu - Friends, Activities and more\",\"isPartOf\":{\"@id\":\"https:\\\/\\\/www.qiuu.eu\\\/#website\"},\"datePublished\":\"2022-10-28T09:59:48+00:00\",\"dateModified\":\"2025-09-28T07:26:15+00:00\",\"description\":\"Community Guidelines - Qiuu - Friends, Activities and more\",\"breadcrumb\":{\"@id\":\"https:\\\/\\\/www.qiuu.eu\\\/community-guidelines\\\/#breadcrumb\"},\"inLanguage\":\"de\",\"potentialAction\":[{\"@type\":\"ReadAction\",\"target\":[\"https:\\\/\\\/www.qiuu.eu\\\/community-guidelines\\\/\"]}]},{\"@type\":\"BreadcrumbList\",\"@id\":\"https:\\\/\\\/www.qiuu.eu\\\/community-guidelines\\\/#breadcrumb\",\"itemListElement\":[{\"@type\":\"ListItem\",\"position\":1,\"name\":\"Home\",\"item\":\"https:\\\/\\\/www.qiuu.eu\\\/\"},{\"@type\":\"ListItem\",\"position\":2,\"name\":\"Community Guidelines\"}]},{\"@type\":\"WebSite\",\"@id\":\"https:\\\/\\\/www.qiuu.eu\\\/#website\",\"url\":\"https:\\\/\\\/www.qiuu.eu\\\/\",\"name\":\"Qiuu - Friends, Activities and more\",\"description\":\"Find friends, contacts and activities in your area and plan your day\",\"publisher\":{\"@id\":\"https:\\\/\\\/www.qiuu.eu\\\/#organization\"},\"alternateName\":\"Qiuu\",\"potentialAction\":[{\"@type\":\"SearchAction\",\"target\":{\"@type\":\"EntryPoint\",\"urlTemplate\":\"https:\\\/\\\/www.qiuu.eu\\\/?s={search_term_string}\"},\"query-input\":{\"@type\":\"PropertyValueSpecification\",\"valueRequired\":true,\"valueName\":\"search_term_string\"}}],\"inLanguage\":\"de\"},{\"@type\":\"Organization\",\"@id\":\"https:\\\/\\\/www.qiuu.eu\\\/#organization\",\"name\":\"Qiuu - Friends, activities and more\",\"alternateName\":\"Qiuu\",\"url\":\"https:\\\/\\\/www.qiuu.eu\\\/\",\"logo\":{\"@type\":\"ImageObject\",\"inLanguage\":\"de\",\"@id\":\"https:\\\/\\\/www.qiuu.eu\\\/#\\\/schema\\\/logo\\\/image\\\/\",\"url\":\"https:\\\/\\\/www.qiuu.eu\\\/wpx61\\\/wp-content\\\/uploads\\\/2023\\\/04\\\/Logo.png\",\"contentUrl\":\"https:\\\/\\\/www.qiuu.eu\\\/wpx61\\\/wp-content\\\/uploads\\\/2023\\\/04\\\/Logo.png\",\"width\":512,\"height\":512,\"caption\":\"Qiuu - Friends, activities and more\"},\"image\":{\"@id\":\"https:\\\/\\\/www.qiuu.eu\\\/#\\\/schema\\\/logo\\\/image\\\/\"},\"sameAs\":[\"https:\\\/\\\/www.facebook.com\\\/profile.php?id=100089721713787\"]}]}<\/script>\n<!-- \/ Yoast SEO plugin. -->","yoast_head_json":{"title":"Community Guidelines - Qiuu - Friends, Activities and more","description":"Community Guidelines - Qiuu - Friends, Activities and more","robots":{"index":"index","follow":"follow","max-snippet":"max-snippet:-1","max-image-preview":"max-image-preview:large","max-video-preview":"max-video-preview:-1"},"canonical":"https:\/\/www.qiuu.eu\/de\/community-guidelines\/","og_locale":"de_DE","og_type":"article","og_title":"Community Guidelines - Qiuu - Friends, Activities and more","og_description":"Community Guidelines - Qiuu - Friends, Activities and more","og_url":"https:\/\/www.qiuu.eu\/de\/community-guidelines\/","og_site_name":"Qiuu - Friends, Activities and more","article_publisher":"https:\/\/www.facebook.com\/profile.php?id=100089721713787","article_modified_time":"2025-09-28T07:26:15+00:00","og_image":[{"width":512,"height":512,"url":"https:\/\/www.qiuu.eu\/wp-content\/uploads\/2023\/04\/Logo.png","type":"image\/png"}],"twitter_card":"summary_large_image","twitter_misc":{"Gesch\u00e4tzte Lesezeit":"2\u00a0Minuten"},"schema":{"@context":"https:\/\/schema.org","@graph":[{"@type":"WebPage","@id":"https:\/\/www.qiuu.eu\/community-guidelines\/","url":"https:\/\/www.qiuu.eu\/community-guidelines\/","name":"Community Guidelines - Qiuu - Friends, Activities and more","isPartOf":{"@id":"https:\/\/www.qiuu.eu\/#website"},"datePublished":"2022-10-28T09:59:48+00:00","dateModified":"2025-09-28T07:26:15+00:00","description":"Community Guidelines - Qiuu - Friends, Activities and more","breadcrumb":{"@id":"https:\/\/www.qiuu.eu\/community-guidelines\/#breadcrumb"},"inLanguage":"de","potentialAction":[{"@type":"ReadAction","target":["https:\/\/www.qiuu.eu\/community-guidelines\/"]}]},{"@type":"BreadcrumbList","@id":"https:\/\/www.qiuu.eu\/community-guidelines\/#breadcrumb","itemListElement":[{"@type":"ListItem","position":1,"name":"Home","item":"https:\/\/www.qiuu.eu\/"},{"@type":"ListItem","position":2,"name":"Community Guidelines"}]},{"@type":"WebSite","@id":"https:\/\/www.qiuu.eu\/#website","url":"https:\/\/www.qiuu.eu\/","name":"Qiuu - Friends, Activities and more","description":"Find friends, contacts and activities in your area and plan your day","publisher":{"@id":"https:\/\/www.qiuu.eu\/#organization"},"alternateName":"Qiuu","potentialAction":[{"@type":"SearchAction","target":{"@type":"EntryPoint","urlTemplate":"https:\/\/www.qiuu.eu\/?s={search_term_string}"},"query-input":{"@type":"PropertyValueSpecification","valueRequired":true,"valueName":"search_term_string"}}],"inLanguage":"de"},{"@type":"Organization","@id":"https:\/\/www.qiuu.eu\/#organization","name":"Qiuu - Friends, activities and more","alternateName":"Qiuu","url":"https:\/\/www.qiuu.eu\/","logo":{"@type":"ImageObject","inLanguage":"de","@id":"https:\/\/www.qiuu.eu\/#\/schema\/logo\/image\/","url":"https:\/\/www.qiuu.eu\/wpx61\/wp-content\/uploads\/2023\/04\/Logo.png","contentUrl":"https:\/\/www.qiuu.eu\/wpx61\/wp-content\/uploads\/2023\/04\/Logo.png","width":512,"height":512,"caption":"Qiuu - Friends, activities and more"},"image":{"@id":"https:\/\/www.qiuu.eu\/#\/schema\/logo\/image\/"},"sameAs":["https:\/\/www.facebook.com\/profile.php?id=100089721713787"]}]}},"_links":{"self":[{"href":"https:\/\/www.qiuu.eu\/de\/wp-json\/wp\/v2\/pages\/114","targetHints":{"allow":["GET"]}}],"collection":[{"href":"https:\/\/www.qiuu.eu\/de\/wp-json\/wp\/v2\/pages"}],"about":[{"href":"https:\/\/www.qiuu.eu\/de\/wp-json\/wp\/v2\/types\/page"}],"author":[{"embeddable":true,"href":"https:\/\/www.qiuu.eu\/de\/wp-json\/wp\/v2\/users\/2"}],"replies":[{"embeddable":true,"href":"https:\/\/www.qiuu.eu\/de\/wp-json\/wp\/v2\/comments?post=114"}],"version-history":[{"count":4,"href":"https:\/\/www.qiuu.eu\/de\/wp-json\/wp\/v2\/pages\/114\/revisions"}],"predecessor-version":[{"id":398,"href":"https:\/\/www.qiuu.eu\/de\/wp-json\/wp\/v2\/pages\/114\/revisions\/398"}],"wp:attachment":[{"href":"https:\/\/www.qiuu.eu\/de\/wp-json\/wp\/v2\/media?parent=114"}],"curies":[{"name":"wp","href":"https:\/\/api.w.org\/{rel}","templated":true}]}}