{"id":104,"date":"2022-10-28T11:55:03","date_gmt":"2022-10-28T09:55:03","guid":{"rendered":"https:\/\/qiuu.eu\/wpx61\/?page_id=104"},"modified":"2023-12-13T10:12:39","modified_gmt":"2023-12-13T09:12:39","slug":"legal-notice","status":"publish","type":"page","link":"https:\/\/www.qiuu.eu\/de\/legal-notice\/","title":{"rendered":"Impressum"},"content":{"rendered":"<div data-elementor-type=\"wp-page\" data-elementor-id=\"104\" class=\"elementor elementor-104\" data-elementor-post-type=\"page\">\n\t\t\t\t\t\t<section class=\"elementor-section elementor-top-section elementor-element elementor-element-e622fc6 elementor-section-stretched elementor-section-boxed elementor-section-height-default elementor-section-height-default\" data-id=\"e622fc6\" data-element_type=\"section\" data-e-type=\"section\" data-settings=\"{&quot;stretch_section&quot;:&quot;section-stretched&quot;}\">\n\t\t\t\t\t\t<div class=\"elementor-container elementor-column-gap-default\">\n\t\t\t\t\t<div class=\"elementor-column elementor-col-100 elementor-top-column elementor-element elementor-element-4d09e4e\" data-id=\"4d09e4e\" data-element_type=\"column\" data-e-type=\"column\">\n\t\t\t<div class=\"elementor-widget-wrap elementor-element-populated\">\n\t\t\t\t\t\t<div class=\"elementor-element elementor-element-e149069 elementor-widget elementor-widget-heading\" data-id=\"e149069\" data-element_type=\"widget\" data-e-type=\"widget\" data-widget_type=\"heading.default\">\n\t\t\t\t<div class=\"elementor-widget-container\">\n\t\t\t\t\t<h2 class=\"elementor-heading-title elementor-size-default\">IMPRESSUM<\/h2>\t\t\t\t<\/div>\n\t\t\t\t<\/div>\n\t\t\t\t<div class=\"elementor-element elementor-element-0a63134 elementor-widget elementor-widget-text-editor\" data-id=\"0a63134\" data-element_type=\"widget\" data-e-type=\"widget\" data-widget_type=\"text-editor.default\">\n\t\t\t\t<div class=\"elementor-widget-container\">\n\t\t\t\t\t\t\t\t\t<h1><br><\/h1>\n<h2 id=\"m46\">Diensteanbieter<\/h2>\n<p>Patrick-Etienne Baumann<\/p>\n<p>Apfelstr. 17<\/p>\n<p>33613 Bielefeld<\/p>\n<p>Deutschland<\/p>\n<h2 id=\"m56\">Kontaktm\u00f6glichkeiten<\/h2><p>Kontaktformular: <\/p>\n<p><a href=\"https:\/\/www.qiuu.eu\/de\/contact\/\" target=\"_blank\">https:\/\/www.qiuu.eu\/contact<\/a><\/p>\n<h2 id=\"m58\">Angaben zum Unternehmen<\/h2>\n<p>Gesch\u00e4ftsbereich: <\/p>\n<p>Soziales Netzwerk<\/p>\n<p>AGB: <\/p>\n<p><a href=\"https:\/\/www.qiuu.eu\/de\/terms\/\" target=\"_blank\">https:\/\/www.qiuu.eu\/terms<\/a><\/p>\n<h2 id=\"m162\">Kammer<\/h2>\n<p>Kammer (oder vergleichbare berufsrechtlicher Organisation): <\/p>\n<p>Industrie- und Handelskammer Ostwestfalen zu Bielefeld<br>Elsa-Br\u00e4ndstr\u00f6m-Str. 1-3<br>33602 Bielefeld<br>Deutschland<\/p>\n<p>Website und Kontakt der Kammer: <\/p>\n<p><a href=\"https:\/\/www.ostwestfalen.ihk.de\" target=\"_blank\">https:\/\/www.ostwestfalen.ihk.de<\/a><\/p>\n<h2 id=\"m174\">Online-Streitbeilegung (OS)<\/h2>\n<p>Online-Streitbeilegung: Die Europ\u00e4ische Kommission stellt eine Plattform zur\nOnline-Streitbeilegung (OS) bereit, die Sie unter <a href=\"https:\/\/ec.europa.eu\/consumers\/odr\/\" target=\"_blank\">https:\/\/ec.europa.eu\/consumers\/odr\/.<\/a> finden. Verbraucher haben die M\u00f6glichkeit,\ndiese Plattform f\u00fcr die Beilegung ihrer Streitigkeiten zu nutzen.<\/p>\n<h2 id=\"m65\">Haftungs- und Schutzrechtshinweise<\/h2>\n<p>Haftungsausschluss: Die Inhalte dieses Onlineangebotes wurden sorgf\u00e4ltig und\nnach unserem aktuellen Kenntnisstand erstellt, dienen jedoch nur der Information\nund entfalten keine rechtlich bindende Wirkung, sofern es sich nicht um gesetzlich\nverpflichtende Informationen (z.B. das Impressum, die Datenschutzerkl\u00e4rung, AGB\noder verpflichtende Belehrungen von Verbrauchern) handelt. Wir behalten uns vor,\ndie Inhalte vollst\u00e4ndig oder teilweise zu \u00e4ndern oder zu l\u00f6schen, soweit vertragliche\nVerpflichtungen unber\u00fchrt bleiben. Alle Angebote sind freibleibend und\nunverbindlich. <\/p>\n<p>Links auf fremde Webseiten: Die Inhalte fremder Webseiten, auf die wir direkt oder\nindirekt verweisen, liegen au\u00dferhalb unseres Verantwortungsbereiches und wir\nmachen sie uns nicht zu Eigen. F\u00fcr alle Inhalte und Nachteile, die aus der Nutzung\nder in den verlinkten Webseiten aufrufbaren Informationen entstehen, \u00fcbernehmen\nwir keine Verantwortung.<\/p>\n<p>Urheberrechte und Markenrechte: Alle auf dieser Website dargestellten Inhalte,\nwie Texte, Fotografien, Grafiken, Marken und Warenzeichen sind durch die\njeweiligen Schutzrechte (Urheberrechte, Markenrechte) gesch\u00fctzt. Die\nVerwendung, Vervielf\u00e4ltigung usw. unterliegen unseren Rechten oder den Rechten\nder jeweiligen Urheber bzw. Rechteinhaber.<\/p>\n<p>Hinweise auf Rechtsverst\u00f6\u00dfe: Sollten Sie innerhalb unseres Internetauftritts\nRechtsverst\u00f6\u00dfe bemerken, bitten wir Sie uns auf diese hinzuweisen. Wir werden\nrechtswidrige Inhalte und Links nach Kenntnisnahme unverz\u00fcglich entfernen.<\/p>\t\t\t\t\t\t\t\t<\/div>\n\t\t\t\t<\/div>\n\t\t\t\t\t<\/div>\n\t\t<\/div>\n\t\t\t\t\t<\/div>\n\t\t<\/section>\n\t\t\t\t<\/div>","protected":false},"excerpt":{"rendered":"<p>LEGAL NOTICE Provider Patrick-Etienne Baumann Apfelstr. 17 33613 Bielefeld GERMANY Contact Options Contact form: https:\/\/www.qiuu.eu\/contact Company Details Business area: Social Networking Terms: https:\/\/www.qiuu.eu\/terms Chamber Chamber (or comparable professional organization): Chamber of Industry and Commerce of East Westphalia in BielefeldElsa-Br\u00e4ndstr\u00f6m-Str. 1-333602 BielefeldGermany Website and Contact of the Chamber: https:\/\/www.ostwestfalen.ihk.de Online Dispute Resolution (ODR) Online dispute resolution: [&hellip;]<\/p>\n","protected":false},"author":2,"featured_media":0,"parent":0,"menu_order":0,"comment_status":"closed","ping_status":"closed","template":"","meta":{"site-sidebar-layout":"no-sidebar","site-content-layout":"page-builder","ast-site-content-layout":"default","site-content-style":"default","site-sidebar-style":"default","ast-global-header-display":"","ast-banner-title-visibility":"","ast-main-header-display":"","ast-hfb-above-header-display":"","ast-hfb-below-header-display":"","ast-hfb-mobile-header-display":"","site-post-title":"disabled","ast-breadcrumbs-content":"","ast-featured-img":"disabled","footer-sml-layout":"","ast-disable-related-posts":"","theme-transparent-header-meta":"","adv-header-id-meta":"","stick-header-meta":"","header-above-stick-meta":"","header-main-stick-meta":"","header-below-stick-meta":"","astra-migrate-meta-layouts":"default","ast-page-background-enabled":"default","ast-page-background-meta":{"desktop":{"background-color":"var(--ast-global-color-4)","background-image":"","background-repeat":"repeat","background-position":"center center","background-size":"auto","background-attachment":"scroll","background-type":"","background-media":"","overlay-type":"","overlay-color":"","overlay-opacity":"","overlay-gradient":""},"tablet":{"background-color":"","background-image":"","background-repeat":"repeat","background-position":"center center","background-size":"auto","background-attachment":"scroll","background-type":"","background-media":"","overlay-type":"","overlay-color":"","overlay-opacity":"","overlay-gradient":""},"mobile":{"background-color":"","background-image":"","background-repeat":"repeat","background-position":"center center","background-size":"auto","background-attachment":"scroll","background-type":"","background-media":"","overlay-type":"","overlay-color":"","overlay-opacity":"","overlay-gradient":""}},"ast-content-background-meta":{"desktop":{"background-color":"var(--ast-global-color-5)","background-image":"","background-repeat":"repeat","background-position":"center center","background-size":"auto","background-attachment":"scroll","background-type":"","background-media":"","overlay-type":"","overlay-color":"","overlay-opacity":"","overlay-gradient":""},"tablet":{"background-color":"var(--ast-global-color-5)","background-image":"","background-repeat":"repeat","background-position":"center center","background-size":"auto","background-attachment":"scroll","background-type":"","background-media":"","overlay-type":"","overlay-color":"","overlay-opacity":"","overlay-gradient":""},"mobile":{"background-color":"var(--ast-global-color-5)","background-image":"","background-repeat":"repeat","background-position":"center center","background-size":"auto","background-attachment":"scroll","background-type":"","background-media":"","overlay-type":"","overlay-color":"","overlay-opacity":"","overlay-gradient":""}},"footnotes":""},"class_list":["post-104","page","type-page","status-publish","hentry"],"yoast_head":"<!-- This site is optimized with the Yoast SEO plugin v27.5 - https:\/\/yoast.com\/product\/yoast-seo-wordpress\/ -->\n<title>Legal Notice - Qiuu - Friends, Activities and more<\/title>\n<meta name=\"robots\" content=\"index, follow, max-snippet:-1, max-image-preview:large, max-video-preview:-1\" \/>\n<link rel=\"canonical\" href=\"https:\/\/www.qiuu.eu\/de\/legal-notice\/\" \/>\n<meta property=\"og:locale\" content=\"de_DE\" \/>\n<meta property=\"og:type\" content=\"article\" \/>\n<meta property=\"og:title\" content=\"Legal Notice - Qiuu - Friends, Activities and more\" \/>\n<meta property=\"og:description\" content=\"LEGAL NOTICE Provider Patrick-Etienne Baumann Apfelstr. 17 33613 Bielefeld GERMANY Contact Options Contact form: https:\/\/www.qiuu.eu\/contact Company Details Business area: Social Networking Terms: https:\/\/www.qiuu.eu\/terms Chamber Chamber (or comparable professional organization): Chamber of Industry and Commerce of East Westphalia in BielefeldElsa-Br\u00e4ndstr\u00f6m-Str. 1-333602 BielefeldGermany Website and Contact of the Chamber: https:\/\/www.ostwestfalen.ihk.de Online Dispute Resolution (ODR) Online dispute resolution: [&hellip;]\" \/>\n<meta property=\"og:url\" content=\"https:\/\/www.qiuu.eu\/de\/legal-notice\/\" \/>\n<meta property=\"og:site_name\" content=\"Qiuu - Friends, Activities and more\" \/>\n<meta property=\"article:publisher\" content=\"https:\/\/www.facebook.com\/profile.php?id=100089721713787\" \/>\n<meta property=\"article:modified_time\" content=\"2023-12-13T09:12:39+00:00\" \/>\n<meta property=\"og:image\" content=\"https:\/\/www.qiuu.eu\/wp-content\/uploads\/2023\/04\/Logo.png\" \/>\n\t<meta property=\"og:image:width\" content=\"512\" \/>\n\t<meta property=\"og:image:height\" content=\"512\" \/>\n\t<meta property=\"og:image:type\" content=\"image\/png\" \/>\n<meta name=\"twitter:card\" content=\"summary_large_image\" \/>\n<meta name=\"twitter:label1\" content=\"Gesch\u00e4tzte Lesezeit\" \/>\n\t<meta name=\"twitter:data1\" content=\"2\u00a0Minuten\" \/>\n<script type=\"application\/ld+json\" class=\"yoast-schema-graph\">{\"@context\":\"https:\\\/\\\/schema.org\",\"@graph\":[{\"@type\":\"WebPage\",\"@id\":\"https:\\\/\\\/www.qiuu.eu\\\/legal-notice\\\/\",\"url\":\"https:\\\/\\\/www.qiuu.eu\\\/legal-notice\\\/\",\"name\":\"Legal Notice - Qiuu - Friends, Activities and more\",\"isPartOf\":{\"@id\":\"https:\\\/\\\/www.qiuu.eu\\\/#website\"},\"datePublished\":\"2022-10-28T09:55:03+00:00\",\"dateModified\":\"2023-12-13T09:12:39+00:00\",\"breadcrumb\":{\"@id\":\"https:\\\/\\\/www.qiuu.eu\\\/legal-notice\\\/#breadcrumb\"},\"inLanguage\":\"de\",\"potentialAction\":[{\"@type\":\"ReadAction\",\"target\":[\"https:\\\/\\\/www.qiuu.eu\\\/legal-notice\\\/\"]}]},{\"@type\":\"BreadcrumbList\",\"@id\":\"https:\\\/\\\/www.qiuu.eu\\\/legal-notice\\\/#breadcrumb\",\"itemListElement\":[{\"@type\":\"ListItem\",\"position\":1,\"name\":\"Home\",\"item\":\"https:\\\/\\\/www.qiuu.eu\\\/\"},{\"@type\":\"ListItem\",\"position\":2,\"name\":\"Legal Notice\"}]},{\"@type\":\"WebSite\",\"@id\":\"https:\\\/\\\/www.qiuu.eu\\\/#website\",\"url\":\"https:\\\/\\\/www.qiuu.eu\\\/\",\"name\":\"Qiuu - Friends, Activities and more\",\"description\":\"Find friends, contacts and activities in your area and plan your day\",\"publisher\":{\"@id\":\"https:\\\/\\\/www.qiuu.eu\\\/#organization\"},\"alternateName\":\"Qiuu\",\"potentialAction\":[{\"@type\":\"SearchAction\",\"target\":{\"@type\":\"EntryPoint\",\"urlTemplate\":\"https:\\\/\\\/www.qiuu.eu\\\/?s={search_term_string}\"},\"query-input\":{\"@type\":\"PropertyValueSpecification\",\"valueRequired\":true,\"valueName\":\"search_term_string\"}}],\"inLanguage\":\"de\"},{\"@type\":\"Organization\",\"@id\":\"https:\\\/\\\/www.qiuu.eu\\\/#organization\",\"name\":\"Qiuu - Friends, activities and more\",\"alternateName\":\"Qiuu\",\"url\":\"https:\\\/\\\/www.qiuu.eu\\\/\",\"logo\":{\"@type\":\"ImageObject\",\"inLanguage\":\"de\",\"@id\":\"https:\\\/\\\/www.qiuu.eu\\\/#\\\/schema\\\/logo\\\/image\\\/\",\"url\":\"https:\\\/\\\/www.qiuu.eu\\\/wpx61\\\/wp-content\\\/uploads\\\/2023\\\/04\\\/Logo.png\",\"contentUrl\":\"https:\\\/\\\/www.qiuu.eu\\\/wpx61\\\/wp-content\\\/uploads\\\/2023\\\/04\\\/Logo.png\",\"width\":512,\"height\":512,\"caption\":\"Qiuu - Friends, activities and more\"},\"image\":{\"@id\":\"https:\\\/\\\/www.qiuu.eu\\\/#\\\/schema\\\/logo\\\/image\\\/\"},\"sameAs\":[\"https:\\\/\\\/www.facebook.com\\\/profile.php?id=100089721713787\"]}]}<\/script>\n<!-- \/ Yoast SEO plugin. -->","yoast_head_json":{"title":"Legal Notice - Qiuu - Friends, Activities and more","robots":{"index":"index","follow":"follow","max-snippet":"max-snippet:-1","max-image-preview":"max-image-preview:large","max-video-preview":"max-video-preview:-1"},"canonical":"https:\/\/www.qiuu.eu\/de\/legal-notice\/","og_locale":"de_DE","og_type":"article","og_title":"Legal Notice - Qiuu - Friends, Activities and more","og_description":"LEGAL NOTICE Provider Patrick-Etienne Baumann Apfelstr. 17 33613 Bielefeld GERMANY Contact Options Contact form: https:\/\/www.qiuu.eu\/contact Company Details Business area: Social Networking Terms: https:\/\/www.qiuu.eu\/terms Chamber Chamber (or comparable professional organization): Chamber of Industry and Commerce of East Westphalia in BielefeldElsa-Br\u00e4ndstr\u00f6m-Str. 1-333602 BielefeldGermany Website and Contact of the Chamber: https:\/\/www.ostwestfalen.ihk.de Online Dispute Resolution (ODR) Online dispute resolution: [&hellip;]","og_url":"https:\/\/www.qiuu.eu\/de\/legal-notice\/","og_site_name":"Qiuu - Friends, Activities and more","article_publisher":"https:\/\/www.facebook.com\/profile.php?id=100089721713787","article_modified_time":"2023-12-13T09:12:39+00:00","og_image":[{"width":512,"height":512,"url":"https:\/\/www.qiuu.eu\/wp-content\/uploads\/2023\/04\/Logo.png","type":"image\/png"}],"twitter_card":"summary_large_image","twitter_misc":{"Gesch\u00e4tzte Lesezeit":"2\u00a0Minuten"},"schema":{"@context":"https:\/\/schema.org","@graph":[{"@type":"WebPage","@id":"https:\/\/www.qiuu.eu\/legal-notice\/","url":"https:\/\/www.qiuu.eu\/legal-notice\/","name":"Legal Notice - Qiuu - Friends, Activities and more","isPartOf":{"@id":"https:\/\/www.qiuu.eu\/#website"},"datePublished":"2022-10-28T09:55:03+00:00","dateModified":"2023-12-13T09:12:39+00:00","breadcrumb":{"@id":"https:\/\/www.qiuu.eu\/legal-notice\/#breadcrumb"},"inLanguage":"de","potentialAction":[{"@type":"ReadAction","target":["https:\/\/www.qiuu.eu\/legal-notice\/"]}]},{"@type":"BreadcrumbList","@id":"https:\/\/www.qiuu.eu\/legal-notice\/#breadcrumb","itemListElement":[{"@type":"ListItem","position":1,"name":"Home","item":"https:\/\/www.qiuu.eu\/"},{"@type":"ListItem","position":2,"name":"Legal Notice"}]},{"@type":"WebSite","@id":"https:\/\/www.qiuu.eu\/#website","url":"https:\/\/www.qiuu.eu\/","name":"Qiuu - Friends, Activities and more","description":"Find friends, contacts and activities in your area and plan your day","publisher":{"@id":"https:\/\/www.qiuu.eu\/#organization"},"alternateName":"Qiuu","potentialAction":[{"@type":"SearchAction","target":{"@type":"EntryPoint","urlTemplate":"https:\/\/www.qiuu.eu\/?s={search_term_string}"},"query-input":{"@type":"PropertyValueSpecification","valueRequired":true,"valueName":"search_term_string"}}],"inLanguage":"de"},{"@type":"Organization","@id":"https:\/\/www.qiuu.eu\/#organization","name":"Qiuu - Friends, activities and more","alternateName":"Qiuu","url":"https:\/\/www.qiuu.eu\/","logo":{"@type":"ImageObject","inLanguage":"de","@id":"https:\/\/www.qiuu.eu\/#\/schema\/logo\/image\/","url":"https:\/\/www.qiuu.eu\/wpx61\/wp-content\/uploads\/2023\/04\/Logo.png","contentUrl":"https:\/\/www.qiuu.eu\/wpx61\/wp-content\/uploads\/2023\/04\/Logo.png","width":512,"height":512,"caption":"Qiuu - Friends, activities and more"},"image":{"@id":"https:\/\/www.qiuu.eu\/#\/schema\/logo\/image\/"},"sameAs":["https:\/\/www.facebook.com\/profile.php?id=100089721713787"]}]}},"_links":{"self":[{"href":"https:\/\/www.qiuu.eu\/de\/wp-json\/wp\/v2\/pages\/104","targetHints":{"allow":["GET"]}}],"collection":[{"href":"https:\/\/www.qiuu.eu\/de\/wp-json\/wp\/v2\/pages"}],"about":[{"href":"https:\/\/www.qiuu.eu\/de\/wp-json\/wp\/v2\/types\/page"}],"author":[{"embeddable":true,"href":"https:\/\/www.qiuu.eu\/de\/wp-json\/wp\/v2\/users\/2"}],"replies":[{"embeddable":true,"href":"https:\/\/www.qiuu.eu\/de\/wp-json\/wp\/v2\/comments?post=104"}],"version-history":[{"count":3,"href":"https:\/\/www.qiuu.eu\/de\/wp-json\/wp\/v2\/pages\/104\/revisions"}],"predecessor-version":[{"id":315,"href":"https:\/\/www.qiuu.eu\/de\/wp-json\/wp\/v2\/pages\/104\/revisions\/315"}],"wp:attachment":[{"href":"https:\/\/www.qiuu.eu\/de\/wp-json\/wp\/v2\/media?parent=104"}],"curies":[{"name":"wp","href":"https:\/\/api.w.org\/{rel}","templated":true}]}}